{"id":17,"date":"2024-01-26T13:14:13","date_gmt":"2024-01-26T16:14:13","guid":{"rendered":"https:\/\/sybmendoza.com\/?page_id=17"},"modified":"2025-03-06T13:24:01","modified_gmt":"2025-03-06T16:24:01","slug":"inicio","status":"publish","type":"page","link":"https:\/\/sybmendoza.com\/","title":{"rendered":"inicio"},"content":{"rendered":"\n<div class=\"wp-block-cover alignfull has-parallax wp-duotone-unset-1\" style=\"min-height:500px\"><span aria-hidden=\"true\" class=\"wp-block-cover__background has-nv-light-bg-background-color has-background-dim-80 has-background-dim\"><\/span><div role=\"img\" class=\"wp-block-cover__image-background wp-image-21 has-parallax\" style=\"background-position:50% 50%;background-image:url(https:\/\/sybmendoza.com\/wp-content\/uploads\/2024\/01\/portada01.png)\"><\/div><div class=\"wp-block-cover__inner-container is-layout-flow wp-block-cover-is-layout-flow\">\n<div class=\"wp-block-columns alignwide is-layout-flex wp-container-core-columns-layout-1 wp-block-columns-is-layout-flex\">\n<div class=\"wp-block-column is-layout-flow wp-block-column-is-layout-flow\" style=\"flex-basis:33.33%\"><\/div>\n\n\n\n<div class=\"wp-block-column is-vertically-aligned-center is-layout-flow wp-block-column-is-layout-flow\" style=\"flex-basis:66.66%\"><div class=\"wp-block-image\">\n<figure class=\"aligncenter size-full is-resized\"><img loading=\"lazy\" decoding=\"async\" width=\"960\" height=\"960\" src=\"http:\/\/sybmendoza.com\/wp-content\/uploads\/2024\/01\/logosinfondo.png\" alt=\"\" class=\"wp-image-7\" style=\"width:122px;height:auto\" srcset=\"https:\/\/sybmendoza.com\/wp-content\/uploads\/2024\/01\/logosinfondo.png 960w, https:\/\/sybmendoza.com\/wp-content\/uploads\/2024\/01\/logosinfondo-300x300.png 300w, https:\/\/sybmendoza.com\/wp-content\/uploads\/2024\/01\/logosinfondo-150x150.png 150w, https:\/\/sybmendoza.com\/wp-content\/uploads\/2024\/01\/logosinfondo-768x768.png 768w\" sizes=\"(max-width: 960px) 100vw, 960px\" \/><\/figure><\/div>\n\n\n<h1 class=\"wp-block-heading has-text-align-left has-neve-text-color-color has-text-color\">Comenz\u00e1 hoy tu verdadero cambio<\/h1>\n\n\n\n<p class=\"has-text-align-left has-neve-text-color-color has-text-color\">Es el momento de tomar control de esos vellos indeseados<\/p>\n\n\n\n<div class=\"wp-block-buttons is-horizontal is-content-justification-left is-layout-flex wp-container-core-buttons-layout-1 wp-block-buttons-is-layout-flex\">\n<div class=\"wp-block-button is-style-default\"><a class=\"wp-block-button__link wp-element-button\" href=\"https:\/\/saludybelleza.site.agendapro.com\/\" target=\"_blank\" rel=\"noreferrer noopener\">Saca tu turno hoy<\/a><\/div>\n<\/div>\n<\/div>\n<\/div>\n<\/div><\/div>\n\n\n\n<div class=\"wp-block-media-text alignwide is-stacked-on-mobile is-vertically-aligned-center\" style=\"grid-template-columns:45% auto\"><figure class=\"wp-block-media-text__media\"><img loading=\"lazy\" decoding=\"async\" width=\"973\" height=\"1330\" src=\"https:\/\/sybmendoza.com\/wp-content\/uploads\/2024\/01\/fotochica.png\" alt=\"\" class=\"wp-image-38 size-full\" srcset=\"https:\/\/sybmendoza.com\/wp-content\/uploads\/2024\/01\/fotochica.png 973w, https:\/\/sybmendoza.com\/wp-content\/uploads\/2024\/01\/fotochica-219x300.png 219w, https:\/\/sybmendoza.com\/wp-content\/uploads\/2024\/01\/fotochica-749x1024.png 749w, https:\/\/sybmendoza.com\/wp-content\/uploads\/2024\/01\/fotochica-768x1050.png 768w\" sizes=\"(max-width: 973px) 100vw, 973px\" \/><\/figure><div class=\"wp-block-media-text__content\">\n<h2 class=\"wp-block-heading has-text-color\" style=\"color:#000000;font-size:32px\"><strong>Preparate para una experiencia \u00fanica<\/strong><\/h2>\n\n\n\n<p class=\"has-text-color\" style=\"color:#000000;font-size:17px\">Somos <strong>S&amp;B<\/strong>, una empresa dedicada a ofrecer servicios de depilaci\u00f3n l\u00e1ser definitiva con equipos de \u00faltima generaci\u00f3n y personal capacitado. Nuestra misi\u00f3n es brindar a nuestros clientes una soluci\u00f3n efectiva, segura y c\u00f3moda para eliminar el vello no deseado de cualquier parte del cuerpo. Nuestra visi\u00f3n es ser l\u00edderes en el mercado de la depilaci\u00f3n l\u00e1ser, ofreciendo calidad, profesionalismo y precios accesibles. Contamos con una amplia experiencia en el sector y con la satisfacci\u00f3n de miles de clientes que han confiado en nosotros. Te invitamos a conocer nuestros centros de depilaci\u00f3n, donde te ofreceremos una atenci\u00f3n personalizada y un diagn\u00f3stico gratuito. No esperes m\u00e1s y reserva tu cita hoy mismo. Con <strong>S&amp;B<\/strong>, podr\u00e1s disfrutar de una piel suave y libre de vello para siempre.<\/p>\n<\/div><\/div>\n\n\n\n<div class=\"wp-block-columns is-layout-flex wp-container-core-columns-layout-4 wp-block-columns-is-layout-flex\">\n<div class=\"wp-block-column has-nv-site-bg-color has-nv-dark-bg-background-color has-text-color has-background has-link-color wp-elements-e2a51dd5923b74199f19a1788b93b7ad is-layout-flow wp-block-column-is-layout-flow\" style=\"padding-top:var(--wp--preset--spacing--20);padding-right:var(--wp--preset--spacing--20);padding-bottom:var(--wp--preset--spacing--20);padding-left:var(--wp--preset--spacing--20)\">\n<div class=\"wp-block-columns is-layout-flex wp-container-core-columns-layout-2 wp-block-columns-is-layout-flex\">\n<div class=\"wp-block-column is-layout-flow wp-block-column-is-layout-flow\" style=\"flex-basis:100%\">\n<h2 class=\"wp-block-heading has-text-align-center\">Contactate con nosotros<\/h2>\n<\/div>\n<\/div>\n\n\n\n<div class=\"wp-block-columns is-layout-flex wp-container-core-columns-layout-3 wp-block-columns-is-layout-flex\">\n<div class=\"wp-block-column is-layout-flow wp-block-column-is-layout-flow\">\n<div class=\"wp-block-group is-layout-constrained wp-block-group-is-layout-constrained\"><div class=\"wp-block-group__inner-container\">\n<h6 style=\"padding-left: 40px; text-align: center;\"><strong><span style=\"color: #ffffff;\"><img loading=\"lazy\" decoding=\"async\" class=\"wp-image-85 aligncenter\" src=\"http:\/\/sybmendoza.com\/wp-content\/uploads\/2024\/01\/logowapp.png\" alt=\"\" width=\"63\" height=\"63\" srcset=\"https:\/\/sybmendoza.com\/wp-content\/uploads\/2024\/01\/logowapp.png 300w, https:\/\/sybmendoza.com\/wp-content\/uploads\/2024\/01\/logowapp-150x150.png 150w\" sizes=\"(max-width: 63px) 100vw, 63px\" \/><br \/>Whatsapp<br \/><\/span><\/strong><a href=\"https:\/\/wa.me\/5492613049335\" target=\"_blank\" rel=\"noopener\"><span style=\"color: #ffffff;\">2613049335<\/span><\/a><span style=\"color: #ffffff;\"><br \/><a href=\"https:\/\/wa.me\/5492612128422\" target=\"_blank\" rel=\"noopener\">2612128422<\/a><\/span><\/h6>\n<\/p>\n<\/div><\/div>\n<\/div>\n\n\n\n<div class=\"wp-block-column is-layout-flow wp-block-column-is-layout-flow\">\n<div class=\"wp-block-group is-layout-constrained wp-block-group-is-layout-constrained\"><div class=\"wp-block-group__inner-container\">\n<p class=\"has-link-color has-small-font-size wp-elements-e37f71ae5815428c188ee64b6418fb95\">Direcci\u00f3n:<\/p>\n\n\n\n<p class=\"has-link-color has-small-font-size wp-elements-ebbb38b588ca1fd3ec458ee7ed1f9bd0\">Pueyrredon 407, Mendoza, Argentina<\/p>\n\n\n\n<p>De Lunes a Sabado<br>horario de trabajo es de 9 a 21hs<br>Trabajamos \u00fanicamente con turno<\/p>\n<\/div><\/div>\n<\/div>\n<\/div>\n\n\n\n<div style=\"display: flex; justify-content: center;\"><a class=\"btn btn-green btn-lg\" href=\"https:\/\/saludybelleza.agendapro.com\/ar\" target=\"_blank\" style=\"-webkit-box-sizing:border-box;-moz-box-sizing:border-box;box-sizing:border-box;text-decoration:none;display:inline-block;margin-bottom:0;font-weight:normal;text-align:center;white-space:nowrap;vertical-align:middle;-ms-touch-action:manipulation;touch-action:manipulation;cursor:pointer;-webkit-user-select:none;-moz-user-select:none;-ms-user-select:none;user-select:none;background-image:none;border-width:1px;border-style:solid;padding-top:10px;padding-bottom:10px;padding-right:16px;padding-left:16px;font-size:18px;line-height:1.33;border-radius:6px;color:#ffffff;background-color:#22c488;border-color:#1ba970;\" rel=\"noopener\">Reserva tu turno Online<\/a><\/div>\n<\/div>\n<\/div>\n\n\n\n<iframe src=\"https:\/\/www.google.com\/maps\/embed?pb=!1m18!1m12!1m3!1d13398.66384412777!2d-68.8623516445801!3d-32.906999000000006!2m3!1f0!2f0!3f0!3m2!1i1024!2i768!4f13.1!3m3!1m2!1s0x967e099262549333%3A0x5b33655f24cb8093!2sSalud%20y%20Belleza%20Depilaci%C3%B3n%20Definitiva%20Mendoza!5e0!3m2!1ses-419!2sar!4v1706296142460!5m2!1ses-419!2sar\" width=\"100%\" height=\"300\" style=\"border:0;\" allowfullscreen=\"\" loading=\"lazy\" referrerpolicy=\"no-referrer-when-downgrade\"><\/iframe>\n","protected":false},"excerpt":{"rendered":"<p>Preparate para una experiencia \u00fanica Somos S&amp;B, una empresa dedicada a ofrecer servicios de depilaci\u00f3n l\u00e1ser definitiva con equipos de \u00faltima generaci\u00f3n y personal capacitado. Nuestra misi\u00f3n es brindar a nuestros clientes una soluci\u00f3n efectiva, segura y c\u00f3moda para eliminar el vello no deseado de cualquier parte del cuerpo. Nuestra visi\u00f3n es ser l\u00edderes en&hellip;&nbsp;<a href=\"https:\/\/sybmendoza.com\/\" class=\"\" rel=\"bookmark\">Read More &raquo;<span class=\"screen-reader-text\">inicio<\/span><\/a><\/p>\n","protected":false},"author":1,"featured_media":0,"parent":0,"menu_order":0,"comment_status":"closed","ping_status":"closed","template":"","meta":{"om_disable_all_campaigns":false,"_monsterinsights_skip_tracking":false,"_monsterinsights_sitenote_active":false,"_monsterinsights_sitenote_note":"","_monsterinsights_sitenote_category":0,"_uf_show_specific_survey":0,"_uf_disable_surveys":false,"neve_meta_sidebar":"default","neve_meta_container":"full-width","neve_meta_enable_content_width":"off","neve_meta_content_width":46,"neve_meta_title_alignment":"","neve_meta_author_avatar":"","neve_post_elements_order":"","neve_meta_disable_header":"on","neve_meta_disable_footer":"","neve_meta_disable_title":"on","footnotes":""},"aioseo_notices":[],"_links":{"self":[{"href":"https:\/\/sybmendoza.com\/index.php\/wp-json\/wp\/v2\/pages\/17"}],"collection":[{"href":"https:\/\/sybmendoza.com\/index.php\/wp-json\/wp\/v2\/pages"}],"about":[{"href":"https:\/\/sybmendoza.com\/index.php\/wp-json\/wp\/v2\/types\/page"}],"author":[{"embeddable":true,"href":"https:\/\/sybmendoza.com\/index.php\/wp-json\/wp\/v2\/users\/1"}],"replies":[{"embeddable":true,"href":"https:\/\/sybmendoza.com\/index.php\/wp-json\/wp\/v2\/comments?post=17"}],"version-history":[{"count":51,"href":"https:\/\/sybmendoza.com\/index.php\/wp-json\/wp\/v2\/pages\/17\/revisions"}],"predecessor-version":[{"id":94,"href":"https:\/\/sybmendoza.com\/index.php\/wp-json\/wp\/v2\/pages\/17\/revisions\/94"}],"wp:attachment":[{"href":"https:\/\/sybmendoza.com\/index.php\/wp-json\/wp\/v2\/media?parent=17"}],"curies":[{"name":"wp","href":"https:\/\/api.w.org\/{rel}","templated":true}]}}